{"id":14,"date":"2021-09-04T13:40:29","date_gmt":"2021-09-04T13:40:29","guid":{"rendered":"http:\/\/brunet.adv.br\/?page_id=14"},"modified":"2021-09-04T13:40:29","modified_gmt":"2021-09-04T13:40:29","slug":"atuacao","status":"publish","type":"page","link":"https:\/\/brunet.adv.br\/?page_id=14","title":{"rendered":"Atua\u00e7\u00e3o"},"content":{"rendered":"<p>Sobre a atua\u00e7\u00e3o (em breve)<\/p>\n","protected":false},"excerpt":{"rendered":"<p>Sobre a atua\u00e7\u00e3o (em breve)<\/p>\n","protected":false},"author":1,"featured_media":0,"parent":0,"menu_order":0,"comment_status":"closed","ping_status":"closed","template":"","meta":{"footnotes":""},"_links":{"self":[{"href":"https:\/\/brunet.adv.br\/index.php?rest_route=\/wp\/v2\/pages\/14"}],"collection":[{"href":"https:\/\/brunet.adv.br\/index.php?rest_route=\/wp\/v2\/pages"}],"about":[{"href":"https:\/\/brunet.adv.br\/index.php?rest_route=\/wp\/v2\/types\/page"}],"author":[{"embeddable":true,"href":"https:\/\/brunet.adv.br\/index.php?rest_route=\/wp\/v2\/users\/1"}],"replies":[{"embeddable":true,"href":"https:\/\/brunet.adv.br\/index.php?rest_route=%2Fwp%2Fv2%2Fcomments&post=14"}],"version-history":[{"count":1,"href":"https:\/\/brunet.adv.br\/index.php?rest_route=\/wp\/v2\/pages\/14\/revisions"}],"predecessor-version":[{"id":15,"href":"https:\/\/brunet.adv.br\/index.php?rest_route=\/wp\/v2\/pages\/14\/revisions\/15"}],"wp:attachment":[{"href":"https:\/\/brunet.adv.br\/index.php?rest_route=%2Fwp%2Fv2%2Fmedia&parent=14"}],"curies":[{"name":"wp","href":"https:\/\/api.w.org\/{rel}","templated":true}]}}